{"id":1148,"date":"2018-08-30T17:46:16","date_gmt":"2018-08-30T20:46:16","guid":{"rendered":"https:\/\/isfd808-chu.infd.edu.ar\/sitio\/profesorado-de-educacion-primaria\/"},"modified":"2024-05-22T19:30:36","modified_gmt":"2024-05-22T22:30:36","slug":"profesorado-de-educacion-primaria","status":"publish","type":"page","link":"https:\/\/isfd808-chu.infd.edu.ar\/sitio\/carreras\/profesorado-de-educacion-primaria\/","title":{"rendered":"Profesorado de Educaci\u00f3n PRIMARIA"},"content":{"rendered":"\n<div style=\"border-radius: 5px; padding: 40px; color: #000000; background: linear-gradient(50deg, #FAAC58, #f4fa58); font-size: 1.5em; font-family: Verdana, Arial, sans-serif; margin-left: auto; margin-right: auto; text-align: left;\">\n<p><span style=\"font-size: 14pt;\">Esta Carrera se dicta actualmente en la <strong>Sede CENTRO&nbsp;<\/strong>y en la<strong>&nbsp;Extensi\u00f3n \u00c1ulica GAIMAN<\/strong>.<\/span><\/p>\n<p><em><strong>Datos de la carrera<\/strong><\/em><\/p>\n\n<div style=\"border-radius: 5px; padding: 20px; width: 70%; color: #000000; background: linear-gradient(50deg, #F4EDCE, #CEF6D8); font-size: .7em; font-family: Verdana, Arial, sans-serif; margin-left: auto; margin-right: auto; text-align: center;\">\n<p style=\"font: bold italic 1.8em Arial ,sans-serif; text-align: center; text-shadow: 2px 2px 5px #FEBF01; letter-spacing: 2px; border: 1px solid #000000;\">Hasta cohorte 2021<\/p>\n<p>Duraci\u00f3n de la Carrera: <strong>4 a\u00f1os<\/strong><\/p>\n<p style=\"font-weight: 900\"><a href=\"https:\/\/drive.google.com\/file\/d\/0B47lHDChItVUcHROQlQ3d05kMkk\/view?usp=sharing&amp;resourcekey=0-F-t_JZfH2lSzjSu43tmt9g\" target=\"_blank\" rel=\"noopener\">Caja Curricular<\/a><\/p>\n<p style=\"font-weight: 900\"><a href=\"https:\/\/drive.google.com\/file\/d\/0B47lHDChItVUT29oeHBWbHJLTzQ\/view?usp=sharing\" target=\"_blank\" rel=\"noopener\">R\u00e9gimen de Correlatividades<\/a><\/p>\n<p style=\"font-weight: 900\"><a href=\"https:\/\/drive.google.com\/file\/d\/0B_qanZRc_iK_Rm1UUEh5UDZUWG8\/view?usp=sharing&amp;resourcekey=0-2pozseLkL66kKL2VUJZcNA\" _blank\"=\"\" rel=\"noopener\">Dise\u00f1o Curricular<\/a><\/p>\n<\/div>\n<p>&nbsp;<\/p>\n<div style=\"border-radius: 5px; padding: 20px; width: 70%; color: #000000; background: linear-gradient(50deg, #f4fa58, #f4fa58); font-size: .7em; font-family: Verdana, Arial, sans-serif; margin-left: auto; margin-right: auto; text-align: center; box-shadow: 10px 5px 5px #6E6E6E; border: 2px solid #848484; border-radius: 5px;\">\n<p style=\"width: 90%; margin-left: auto; margin-right: auto; background-color: #6E6F6F; color: white; font: bold italic 1.8em Arial ,sans-serif; text-align: center; text-shadow: 2px 2px 5px #000000; letter-spacing: 2px; border: 1px solid #000000;\">DESDE cohorte 2022<\/p>\n<p>Duraci\u00f3n de la Carrera: <strong>4 a\u00f1os<\/strong><\/p>\n<p><span style=\"font-weight: 900\"><a href=\"https:\/\/isfd803-chu.infd.edu.ar\/sitio\/wp-content\/uploads\/2022\/03\/ESTRUCTURA-CURRICULAR-PLAN-DE-ESTUDIOS-PEP-2022.pdf\" target=\"_blank\" rel=\"noopener\">Caja Curricular<\/a><\/span><\/p>\n<p style=\"font-weight: 900\"><a href=\"https:\/\/drive.google.com\/file\/d\/1nf7Qy4afuR6Ml_41OKhEBQaN92dL6xkm\/view?usp=sharing\" target=\"_blank\" rel=\"noopener\">R\u00e9gimen de Correlatividades<\/a><\/p>\n<p><span style=\"font-weight: 900\"><a href=\"https:\/\/isfd803-chu.infd.edu.ar\/sitio\/wp-content\/uploads\/2022\/03\/DC-PEP2022.pdf\" target=\"_blank\" rel=\"noopener\">Dise\u00f1o Curricular<\/a><\/span><\/p>\n<p style=\"font-weight: 500\"><a href=\"https:\/\/drive.google.com\/file\/d\/1wk7aU1EVxlQayClpbFvBC6gV8EjRRjXh\/view?usp=sharing\" target=\"_blank\" rel=\"noopener\">Res. 897\/21 &#8211; Lineamientos para la ense\u00f1anza, la evaluaci\u00f3n y la acreditaci\u00f3n<\/a><\/p>\n<\/div>\n\n<p>&nbsp;<\/p>\n<p><span style=\"font-size: 16pt; padding: 50px;\"><strong>Consultas<\/strong><\/span><br><span style=\"font-size: 14pt; padding: 100px;\"><span style=\"text-decoration: underline;\">Sede Centro:<\/span> <strong>Pellegrini 390 &#8211; TE. 280 4426567<\/strong><\/span><br><span style=\"font-size: 14pt; padding: 100px;\"><span style=\"text-decoration: underline;\">Extensi\u00f3n Aulica GAIMAN:<\/span> <strong>Escuela 100 &#8211; Tello 848<\/strong><\/span><\/p>\n<p><span style=\"font-size: 16pt; padding: 120px;\"><span style=\"text-decoration: underline;\">E-mail:<\/span> <em><strong><a href=\"mailto:isfd808@chubut.edu.ar\">isfd808@chubut.edu.ar<\/a><\/strong><\/em><\/span><\/p>\n<\/div>\n","protected":false},"excerpt":{"rendered":"<p>Esta Carrera se dicta actualmente en la Sede CENTRO&nbsp;y en la&nbsp;Extensi\u00f3n \u00c1ulica GAIMAN. Datos de la carrera Hasta cohorte 2021 Duraci\u00f3n de la Carrera: 4 a\u00f1os Caja Curricular R\u00e9gimen de Correlatividades<\/p>\n","protected":false},"author":352,"featured_media":0,"parent":1286,"menu_order":1,"comment_status":"closed","ping_status":"closed","template":"","meta":[],"acf":[],"_links":{"self":[{"href":"https:\/\/isfd808-chu.infd.edu.ar\/sitio\/wp-json\/wp\/v2\/pages\/1148"}],"collection":[{"href":"https:\/\/isfd808-chu.infd.edu.ar\/sitio\/wp-json\/wp\/v2\/pages"}],"about":[{"href":"https:\/\/isfd808-chu.infd.edu.ar\/sitio\/wp-json\/wp\/v2\/types\/page"}],"author":[{"embeddable":true,"href":"https:\/\/isfd808-chu.infd.edu.ar\/sitio\/wp-json\/wp\/v2\/users\/352"}],"replies":[{"embeddable":true,"href":"https:\/\/isfd808-chu.infd.edu.ar\/sitio\/wp-json\/wp\/v2\/comments?post=1148"}],"version-history":[{"count":38,"href":"https:\/\/isfd808-chu.infd.edu.ar\/sitio\/wp-json\/wp\/v2\/pages\/1148\/revisions"}],"predecessor-version":[{"id":6335,"href":"https:\/\/isfd808-chu.infd.edu.ar\/sitio\/wp-json\/wp\/v2\/pages\/1148\/revisions\/6335"}],"up":[{"embeddable":true,"href":"https:\/\/isfd808-chu.infd.edu.ar\/sitio\/wp-json\/wp\/v2\/pages\/1286"}],"wp:attachment":[{"href":"https:\/\/isfd808-chu.infd.edu.ar\/sitio\/wp-json\/wp\/v2\/media?parent=1148"}],"curies":[{"name":"wp","href":"https:\/\/api.w.org\/{rel}","templated":true}]}}