{"id":1163,"date":"2018-08-30T17:46:22","date_gmt":"2018-08-30T20:46:22","guid":{"rendered":"https:\/\/isfd808-chu.infd.edu.ar\/sitio\/profesorado-de-educacion-secundaria-en-quimica\/"},"modified":"2024-05-22T19:32:56","modified_gmt":"2024-05-22T22:32:56","slug":"profesorado-de-educacion-secundaria-en-quimica","status":"publish","type":"page","link":"https:\/\/isfd808-chu.infd.edu.ar\/sitio\/carreras\/profesorado-de-educacion-secundaria-en-quimica\/","title":{"rendered":"Profesorado de Educaci\u00f3n Secundaria en QU\u00cdMICA"},"content":{"rendered":"\n<div style=\"border-radius: 5px; padding: 40px; color: #000000; background: linear-gradient(50deg, #F781F3, #ECCEF5); font-size: 1.5em; font-family: Verdana, Arial, sans-serif; margin-left: auto; margin-right: auto; text-align: left;\">\n<p>Esta carrera se dicta en la<strong> Anexo Escuela 730 (Trelew)<\/strong><\/p>\n<p><em><strong>Datos de la carrera<\/strong><\/em><\/p>\n<div style=\"border-radius: 5px; width: 80%; padding: 20px; color: #000000; background: linear-gradient(50deg, #F2F2F2, #F2F2F2); font-size: .7em; font-family: Verdana, Arial, sans-serif; margin-left: auto; margin-right: auto; text-align: center;\">\n<p>Duraci\u00f3n de la Carrera: <strong>4 a\u00f1os<\/strong><\/p>\n<p><a href=\"https:\/\/drive.google.com\/file\/d\/0B47lHDChItVUQkZKZm51YWNjUEU\/view?usp=sharing&amp;resourcekey=0-OXlaF7jRMV73veJVEH11Mw\" target=\"_blank\" rel=\"noopener\">Caja Curricular<\/a> <em>hasta<\/em>&nbsp;<strong>Cohorte 2019<\/strong><\/p>\n<p><a href=\"https:\/\/drive.google.com\/file\/d\/0B_qanZRc_iK_dnRFSloxeGVmd2M\/view?usp=sharing\" target=\"_blank\" rel=\"noopener\">Dise\u00f1o Curricular<\/a> <em>hasta<\/em>&nbsp;<strong>Cohorte 2019<\/strong><\/p>\n<p><a href=\"https:\/\/drive.google.com\/file\/d\/1HRK6yfXYo63gihHbBmUrVYa0N5ogN9s8\/view?usp=sharing\" target=\"_blank\" rel=\"noopener\">Caja Curricular<\/a> <em>a partir de<\/em>&nbsp;<strong>Cohorte 2020<\/strong><\/p>\n<p><a href=\"https:\/\/drive.google.com\/file\/d\/1vz735TiPHaE2b5TO4yBnYhGcXfCppEfJ\/view?usp=sharing\" target=\"_blank\" rel=\"noopener\">Dise\u00f1o Curricular<\/a> <em>a partir<\/em> <strong>Cohorte 2020<\/strong><\/p>\n<p><a href=\"https:\/\/drive.google.com\/file\/d\/0B47lHDChItVUWDBXd2xybk5GRVk\/view?usp=sharing&amp;resourcekey=0-xqEg2QFWKLedkOx71k4fZQ\" target=\"_blank\" rel=\"noopener\">R\u00e9gimen de Correlatividades<\/a><\/p>\n<\/div>\n<p><span style=\"font-size: 14pt;\">Consultas<br><span style=\"text-decoration: underline;\">Direcci\u00f3n:<\/span> Belgrano 2200<\/span><\/p>\n<p><span style=\"font-size: 14pt;\"><span style=\"text-decoration: underline;\">E-mail:<\/span> <em><strong><a href=\"mailto:isfd808@chubut.edu.ar\">isfd808@chubut.edu.ar<\/a><\/strong><\/em><\/span><\/p>\n<\/div>\n","protected":false},"excerpt":{"rendered":"<p>Esta carrera se dicta en la Anexo Escuela 730 (Trelew) Datos de la carrera Duraci\u00f3n de la Carrera: 4 a\u00f1os Caja Curricular hasta&nbsp;Cohorte 2019 Dise\u00f1o Curricular hasta&nbsp;Cohorte 2019 Caja Curricular a partir de&nbsp;Cohorte 2020 Dise\u00f1o Curricular a partir Cohorte 2020 R\u00e9gimen de Correlatividades ConsultasDirecci\u00f3n: Belgrano 2200 E-mail: isfd808@chubut.edu.ar<\/p>\n","protected":false},"author":352,"featured_media":0,"parent":1286,"menu_order":1,"comment_status":"closed","ping_status":"closed","template":"","meta":[],"acf":[],"_links":{"self":[{"href":"https:\/\/isfd808-chu.infd.edu.ar\/sitio\/wp-json\/wp\/v2\/pages\/1163"}],"collection":[{"href":"https:\/\/isfd808-chu.infd.edu.ar\/sitio\/wp-json\/wp\/v2\/pages"}],"about":[{"href":"https:\/\/isfd808-chu.infd.edu.ar\/sitio\/wp-json\/wp\/v2\/types\/page"}],"author":[{"embeddable":true,"href":"https:\/\/isfd808-chu.infd.edu.ar\/sitio\/wp-json\/wp\/v2\/users\/352"}],"replies":[{"embeddable":true,"href":"https:\/\/isfd808-chu.infd.edu.ar\/sitio\/wp-json\/wp\/v2\/comments?post=1163"}],"version-history":[{"count":12,"href":"https:\/\/isfd808-chu.infd.edu.ar\/sitio\/wp-json\/wp\/v2\/pages\/1163\/revisions"}],"predecessor-version":[{"id":6338,"href":"https:\/\/isfd808-chu.infd.edu.ar\/sitio\/wp-json\/wp\/v2\/pages\/1163\/revisions\/6338"}],"up":[{"embeddable":true,"href":"https:\/\/isfd808-chu.infd.edu.ar\/sitio\/wp-json\/wp\/v2\/pages\/1286"}],"wp:attachment":[{"href":"https:\/\/isfd808-chu.infd.edu.ar\/sitio\/wp-json\/wp\/v2\/media?parent=1163"}],"curies":[{"name":"wp","href":"https:\/\/api.w.org\/{rel}","templated":true}]}}