{"id":1253,"date":"2018-08-30T17:46:37","date_gmt":"2018-08-30T20:46:37","guid":{"rendered":"https:\/\/isfd808-chu.infd.edu.ar\/sitio\/ano-2012\/"},"modified":"2022-02-26T23:20:59","modified_gmt":"2022-02-27T02:20:59","slug":"ano-2012","status":"publish","type":"page","link":"https:\/\/isfd808-chu.infd.edu.ar\/sitio\/fotos\/ano-2012\/","title":{"rendered":"Fotos A\u00f1o 2012"},"content":{"rendered":"<p>25 de mayo<a title=\"2012 25 de mayo Rawson\" href=\"https:\/\/photos.app.goo.gl\/fD3vWV6yCrNdakYw1\" target=\"_blank\" rel=\"noopener\"><strong> D\u00eda de la Patria<\/strong><\/a> &#8211; Sede Rawson<\/p>\n<p>2012 10 10 <a href=\"https:\/\/goo.gl\/photos\/MJDzkQZ34WmNqWGSA\" target=\"_blank\" rel=\"noopener\"><strong>Escuela 151<\/strong><\/a> &#8211; Profesorado de Educaci\u00f3n Primaria<\/p>\n<p>15 de diciembre<a href=\"https:\/\/photos.app.goo.gl\/19jn2sgMoJTfCbBm9\" target=\"_blank\" rel=\"noopener\"><strong> Acto de Colaci\u00f3n de Grado<\/strong><\/a><\/p>\n","protected":false},"excerpt":{"rendered":"<p>25 de mayo D\u00eda de la Patria &#8211; Sede Rawson 2012 10 10 Escuela 151 &#8211; Profesorado de Educaci\u00f3n Primaria 15 de diciembre Acto de Colaci\u00f3n de Grado<\/p>\n","protected":false},"author":352,"featured_media":0,"parent":1652,"menu_order":1,"comment_status":"closed","ping_status":"closed","template":"","meta":[],"acf":[],"_links":{"self":[{"href":"https:\/\/isfd808-chu.infd.edu.ar\/sitio\/wp-json\/wp\/v2\/pages\/1253"}],"collection":[{"href":"https:\/\/isfd808-chu.infd.edu.ar\/sitio\/wp-json\/wp\/v2\/pages"}],"about":[{"href":"https:\/\/isfd808-chu.infd.edu.ar\/sitio\/wp-json\/wp\/v2\/types\/page"}],"author":[{"embeddable":true,"href":"https:\/\/isfd808-chu.infd.edu.ar\/sitio\/wp-json\/wp\/v2\/users\/352"}],"replies":[{"embeddable":true,"href":"https:\/\/isfd808-chu.infd.edu.ar\/sitio\/wp-json\/wp\/v2\/comments?post=1253"}],"version-history":[{"count":6,"href":"https:\/\/isfd808-chu.infd.edu.ar\/sitio\/wp-json\/wp\/v2\/pages\/1253\/revisions"}],"predecessor-version":[{"id":3326,"href":"https:\/\/isfd808-chu.infd.edu.ar\/sitio\/wp-json\/wp\/v2\/pages\/1253\/revisions\/3326"}],"up":[{"embeddable":true,"href":"https:\/\/isfd808-chu.infd.edu.ar\/sitio\/wp-json\/wp\/v2\/pages\/1652"}],"wp:attachment":[{"href":"https:\/\/isfd808-chu.infd.edu.ar\/sitio\/wp-json\/wp\/v2\/media?parent=1253"}],"curies":[{"name":"wp","href":"https:\/\/api.w.org\/{rel}","templated":true}]}}