{"id":1255,"date":"2018-08-30T17:46:38","date_gmt":"2018-08-30T20:46:38","guid":{"rendered":"https:\/\/isfd808-chu.infd.edu.ar\/sitio\/ano-2017\/"},"modified":"2022-02-24T17:45:10","modified_gmt":"2022-02-24T20:45:10","slug":"ano-2017","status":"publish","type":"page","link":"https:\/\/isfd808-chu.infd.edu.ar\/sitio\/fotos\/ano-2017\/","title":{"rendered":"Fotos A\u00f1o 2017"},"content":{"rendered":"\n<p><\/p>\n\n\n<div style=\"border-radius: 5px; padding: 40px; width: 1000px; box-shadow: #298A08 3px 3px 5px; text-align: left; background: linear-gradient(30deg, #F3F781, #F7FE2E); font-family: Arial, Verdana, sans-serif; color: #000000; font-size: 1.1em; margin-left: auto; margin-right: auto;\">\n<p><span style=\"font-size: 12pt;\">Marzo <strong><a title=\"Taller de Ingresantes 2017\" href=\"https:\/\/goo.gl\/photos\/hsBFqXydKSWVqL4e7\" target=\"_blank\" rel=\"noopener\">Taller de Ingresantes<\/a><\/strong><\/span><\/p>\n<p><span style=\"font-size: 12pt;\">Marzo Inicio del <strong><a title=\"Inicio ciclo lectivo Gaiman 2017\" href=\"https:\/\/goo.gl\/photos\/RMVVKEWYU6wcpHjNA\" target=\"_blank\" rel=\"noopener\">Ciclo Lectivo en la Extensi\u00f3n A\u00falica Gaiman<\/a><\/strong><\/span><\/p>\n<p><span style=\"font-size: 10pt;\"><span style=\"font-size: 12pt;\">3 de abril<strong> <a title=\"Acto del 2 de abril 2017\" href=\"https:\/\/goo.gl\/photos\/CXW6m4xBkdzwqhud8\" target=\"_blank\" rel=\"noopener\">Acto por el d\u00eda de los Veteranos y caidos en la guerra de Malvinas <\/a><\/strong><\/span><em><span class=\" _50f4\">Malvinas es grito y es silencio. Es memoria y desmemoria. Pero cada vez que vemos la silueta recortada de esas islas, hay unos cuerpos que dicen presente, hay unos h\u00e9roes que fueron soldados y se tenga o no se tenga v\u00ednculos, el grito dice \u201cno las hemos de olvidar, no los hemos de olvidar<\/span><\/em><\/span><\/p>\n<p><span style=\"font-size: 12pt;\">5 de abril Taller <a title=\"Taller Tengo Vocaci\u00f3n Docente 2017\" href=\"https:\/\/photos.app.goo.gl\/v2F9FWScLTVhFCDs1\" target=\"_blank\" rel=\"noopener\"><strong>\u00bfTengo vocaci\u00f3n docente?<\/strong><\/a> <em><span style=\"font-size: 10pt;\">El mi\u00e9rcoles 5 de Abril el Equipo del Servicio de Asesoramiento y Orientaci\u00f3n a los Estudiantes llev\u00f3 a cabo con los Alumnos de Primero Primera y Primero Tercera en Sede Centro la 2da. parte del Taller \u00bfTengo Vocaci\u00f3n Docente?<\/span><\/em><\/span><\/p>\n<p><span style=\"font-size: 12pt;\">5 de mayo <a title=\"Primer encuentro de docentes noveles \" href=\"https:\/\/photos.app.goo.gl\/nieLmMvyykh59vDu2\" target=\"_blank\" rel=\"noopener\"><strong>1\u00b0 encuentro de acompa\u00f1amiento a docente noveles<\/strong><\/a> <em><span style=\"font-size: 10pt;\">El mi\u00e9rcoles 3 de Mayo de 2017 tuvo lugar en la Sede Centro del I.S.F.D. N\u00b0808, el Primer Encuentro del Ciclo Lectivo 2017 de Acompa\u00f1amiento a Docentes Noveles.<\/span><\/em><\/span><\/p>\n<p><span style=\"font-size: 12pt;\">13 de mayo <a title=\"Capacitaci\u00f3n Aprendiendo a pens@r las CIENCIAS SOCIALES en el Siglo XXI\" href=\"https:\/\/photos.app.goo.gl\/uQ5wcDA7ITv1uWO43\" target=\"_blank\" rel=\"noopener\"><strong>\u00abAprendiendo a pens@r las CIENCIAS SOCIALES en el Siglo XXI\u00bb<\/strong><\/a><em> C<span style=\"font-size: 10pt;\">apacitaci\u00f3n en Desarrollo profesional docente, a cargo de la <strong>prof<\/strong>. <strong>Diana CROTTA.<\/strong><\/span><\/em><\/span><\/p>\n<p><span style=\"font-size: 12pt;\">13 de mayo <strong><a title=\"Jornada de PNFP Mayo 2017\" href=\"https:\/\/photos.app.goo.gl\/UNTJEQDeJHscfic32\" target=\"_blank\" rel=\"noopener\">Jornada de PNFP<\/a><\/strong><\/span><\/p>\n<p><span style=\"font-size: 12pt;\">19 de mayo <strong><a title=\"Concurso Cristalograf\u00eda \" href=\"https:\/\/photos.app.goo.gl\/CffQExbXMDZSbszw2\" target=\"_blank\" rel=\"noopener\">Taller&nbsp;Concurso Nacional de Cristalograf\u00eda<\/a> <\/strong><em><span class=\" _50f4\" style=\"font-size: 10pt;\">El viernes 19\/05 y el s\u00e1bado 20\/05 compartimos este espacio con la Lic. Griselda Polla &#8211; CNEA. Nuestro agradecimiento a todos los asistentes, a Griselda y a Diego Lamas, de la Asociaci\u00f3n Argentina de Cristalograf\u00eda.<\/span><\/em><\/span><\/p>\n<p><span style=\"font-size: 12pt;\">22 de mayo <strong>Segundo Encuentro con Docentes Noveles: <a title=\"Segundo encuentro de Docente Noveles 2017\" href=\"https:\/\/photos.app.goo.gl\/qACz7FUbOXOXSjY43\" target=\"_blank\" rel=\"noopener\">\u00abDiferencia en los conceptos de N.E.E. y Diversidad\u00bb<\/a><\/strong><\/span><\/p>\n<p><span style=\"font-size: 12pt;\">25 de mayo <a title=\"Acto del 25 de mayo 2017\" href=\"https:\/\/photos.app.goo.gl\/AqxCU7RigeRAQLpO2\" target=\"_blank\" rel=\"noopener\"><strong>Acto por el D\u00efa de la Patria<\/strong><\/a> <em><span class=\" _50f4\" style=\"font-size: 10pt;\">El 25 de mayo de 1810 no es una fecha m\u00e1s, pero la historia no se reduce al Cabildo y a la Primera Junta. La Revoluci\u00f3n de Mayo forma parte de un complejo y contradictorio proceso.<\/span><\/em><br>\n<\/span><\/p>\n<p><span style=\"font-size: 12pt;\"><span class=\" _50f4\" style=\"font-size: 10pt;\"><span style=\"font-size: 12pt;\">27 de mayo<\/span> <a title=\"Capacitaci\u00f3n Cs. Sociales 2do. encuentro 2017\" href=\"https:\/\/photos.app.goo.gl\/Es0MLMSM7Nb0uY2W2\" target=\"_blank\" rel=\"noopener\"><span style=\"font-size: 12pt;\"><strong>Aprendiendo a pens@ar las Ciencias Sociales en el Siglo XXI<\/strong><\/span><\/a> <em>En el segundo encuentro se continu\u00f3 profundizando acerca de las dimensiones epistemol\u00f3gica y did\u00e1ctica de la ense\u00f1anza del \u00e1rea en el nivel primario.<\/em>&nbsp;&nbsp; <\/span><\/span><\/p>\n<p><span style=\"font-size: 12pt;\"><span class=\"_3xgd\"><span style=\"font-size: 12pt;\">3 de junio <strong><span class=\"_3xgd\"><a title=\"Coloquio Nuestra Escuela 2017\" href=\"https:\/\/photos.app.goo.gl\/dLVreVxiTQwqP2IC2\" target=\"_blank\" rel=\"noopener\">Especializaciones de Nivel Superior del Programa Nuestra Escuela<\/a><\/span><\/strong> <em><span class=\" _50f4\" style=\"font-size: 10pt;\">El d\u00eda s\u00e1bado 3 de Junio se realiz\u00f3 el Coloquio final de las Especializaciones de Nivel Superior del Programa Nuestra Escuela.<\/span><\/em><\/span><\/span><\/span><\/p>\n<p><span style=\"font-size: 12pt;\"><span class=\"_3xgd\">7 de junio <a title=\"Charla informativa del Serv. de Asesoramiento Protec. de Derechos 2017\" href=\"https:\/\/photos.app.goo.gl\/JCDWUCAA7x1sucaP2\" target=\"_blank\" rel=\"noopener\"><strong>Charla informativa del Serv. de Asesoramiento Protec. de Derechos<\/strong><\/a> <em><span class=\" _50f4\" style=\"font-size: 10pt;\">En el marco de la Pr\u00e1ctica IV del Profesorado de Ense\u00f1anza Primaria, profesoras y estudiantes participaron de una charla informativa con integrantes del Servicio de Asesoramiento sobre Proteccion de Derechos del Ministerio P\u00fablico Fiscal.<\/span><\/em><br>\n<\/span><\/span><\/p>\n<p><span style=\"font-size: 12pt;\">20 de junio <a title=\"Acto d\u00eda de la Bandera 2017\" href=\"https:\/\/photos.app.goo.gl\/OburTlW6vipaJ8eu2\" target=\"_blank\" rel=\"noopener\"><strong>Acto del D\u00eda de la Bandera<\/strong><\/a> <em><span class=\" _50f4\" style=\"font-size: 10pt;\">Entre las celebraciones m\u00e1s importantes de nuestro pa\u00eds, se encuentra la del homenaje a la Bandera, inevitablemente debemos hablar de un gran patriota, Manuel Belgrano, su creador.<\/span><\/em><\/span><\/p>\n<p><span style=\"font-size: 10pt;\"><span style=\"font-size: 12pt;\">11 de Agosto<strong> <a title=\"Acto por el d\u00eda de San Martin 2017\" href=\"https:\/\/photos.app.goo.gl\/u2Qmx5DjcPQKK4oP2\" target=\"_blank\" rel=\"noopener\">Acto conmemorativo del 17 de agosto <\/a><\/strong><\/span><em><span class=\" _50f4\">El 17 de agosto se conmemora un aniversario mas de la muerte del general Don Jos\u00e9 de San Mart\u00edn. Un brillante general, un ingenioso estratega, pero por sobre todas las cosas, un hombre de nobleza, valent\u00eda y entereza, un luchador que ense\u00f1\u00f3 con su ejemplo.<\/span><\/em><\/span><\/p>\n<p><span style=\"font-size: 10pt;\"><span style=\"font-size: 12pt;\">20 de agosto<strong> <a title=\"Desfile por al aniversario de Gaiman 2017\" href=\"https:\/\/photos.app.goo.gl\/6MKLUceSUa2F9XyB2\" target=\"_blank\" rel=\"noopener\">Desfile por el aniversario de Gaiman <\/a><\/strong><\/span><em><span class=\" _50f4\">El ISFD 808 particip\u00f3 con su abanderada, escoltas y comunidad educativa del anexo Gaiman del desfile aniversario de esa localidad.<\/span><\/em><\/span><\/p>\n<p><span style=\"font-size: 12pt;\">1\u00b0 de julio <a title=\" E.S.I. 2017\" href=\"https:\/\/photos.app.goo.gl\/3ivgug3Xfpuea1dX2\" target=\"_blank\" rel=\"noopener\"><strong>Encuentro de Cierre de E.S.I.<\/strong><\/a> <em><span style=\"font-size: 10pt;\">El d\u00eda s\u00e1bado 01 de julio se desarroll\u00f3 el Encuentro de cierre de la \u00abFormaci\u00f3n colaborativa para la implementaci\u00f3n de la Educaci\u00f3n Sexual Integral en las Escuelas\u00bb organizada por el Instituto de Formaci\u00f3n Docente N\u00b0 808 donde participan alrededor de 50 docentes de instituciones de la localidad de Trelew, en el marco de la contraprestaci\u00f3n para las Escuelas Asociadas al Instituto.<strong> Prof. Horacio MARTELOSSI<\/strong><\/span><\/em><\/span><\/p>\n<p><span style=\"font-size: 12pt;\">5 de septiembre <a title=\"Alumnos de Educaci\u00f3n Tecnol\u00f3gica 2017\" href=\"https:\/\/photos.app.goo.gl\/LRvNqkHphEHbDj173\" target=\"_blank\" rel=\"noopener\"><strong>Alumnos de Educaci\u00f3n Tecnol\u00f3gica<\/strong><\/a> <em><span class=\" _50f4\" style=\"font-size: 10pt;\">Alumnos de primer a\u00f1o tercera divisi\u00f3n a trav\u00e9s de actividades l\u00fadicas expusieron ante sus compa\u00f1eros el tema \u00abSISTEMAS\u00bb. Pasando una agradable tarde y afianzando de otra forma el concepto SISTEMA. <strong>Prof. Stella Maris LEDESMA.<\/strong><\/span><\/em><\/span><\/p>\n<p><span style=\"font-size: 12pt;\">7 y 8 de septiembre<strong> <a title=\"Expo educativa 2017\" href=\"https:\/\/photos.app.goo.gl\/QmD2XXyti06bSc4I2\" target=\"_blank\" rel=\"noopener\">Expo Educativa 2017. <\/a><\/strong><em><span style=\"font-size: 10pt; color: #000000;\"><span class=\" _50f4\" style=\"color: #000000;\">En el Gimansio Nro. 1 de Trelew se realiz\u00f3 la EXPO EDUCATIVA 2017. El ISFD 808 suma su oferta acad\u00e9mica con el stand para los alumnos del \u00faltimo a\u00f1o de las escuelas secundaria.<\/span><\/span><\/em><\/span><\/p>\n<p><span style=\"font-size: 10pt;\"><span style=\"font-size: 12pt;\">9 de septiembre<strong> <a title=\"CAPACITACI\u00d3N Leo y recomiendo: Booktubers en la escuela\" href=\"https:\/\/photos.app.goo.gl\/6q7qugFEdhTYLcJe2\" target=\"_blank\" rel=\"noopener\"><span class=\"_3xgd\">CAPACITACI\u00d3N Leo y recomiendo: Booktubers en la escuela. <\/span><\/a><\/strong><\/span><em><span style=\"color: #000000;\"><span class=\"_3xgd\" style=\"color: #000000;\"><span class=\" _50f4\">El s\u00e1bado 9 de septiembre se di\u00f3 inicio a la Capacitaci\u00f3n. Las profesoras <strong>Nidia AGUILERA<\/strong> y <strong>Gabriela FAVAROTTO<\/strong> son las responsables.<\/span><\/span><\/span><\/em><\/span><\/p>\n<p><span style=\"font-size: 10pt;\"><span style=\"color: #000000;\"><span class=\"_3xgd\" style=\"color: #000000;\"><span class=\" _50f4\"><span style=\"font-size: 12pt;\">13 de septiembre <strong><a title=\"Acto del DIA DEL MAESTRO 2017\" href=\"https:\/\/photos.app.goo.gl\/FWcgYZMjh0U3Ljdj1\" target=\"_blank\" rel=\"noopener\">Acto por el D\u00cdA DEL MAESTRO<\/a><\/strong><\/span>, <em>11 <\/em><\/span><\/span><\/span><\/span><em><span style=\"font-size: 10pt;\"><span style=\"color: #000000;\"><span class=\"_3xgd\" style=\"color: #000000;\"><span class=\" _50f4\"><span class=\" _50f4\">de septiembre es la fecha del fallecimiento del educador y presidente argentino Domingo Faustino Sarmiento, la memoria de otros grandes educadores argentinos y latinoamericanos que con su ejemplo de investigaci\u00f3n y vida marcaron un camino que intentamos seguir con dignidad d\u00eda a d\u00eda. Como presidente Sarmiento estimul\u00f3 aquello por lo que hab\u00eda luchado toda su vida: la educaci\u00f3n y la cultura de su pueblo.<\/span><\/span><\/span><\/span><\/span><\/em><\/p>\n<p><span style=\"font-size: 10pt;\"><span style=\"color: #000000;\"><span class=\"_3xgd\" style=\"color: #000000;\"><span class=\" _50f4\"><span style=\"font-size: 12pt;\">15 de septiembre <a title=\"Encuentro de JOVENES Gaiman 2017\" href=\"https:\/\/photos.app.goo.gl\/ojaYy8UekXaW4C5Y2\" target=\"_blank\" rel=\"noopener\"><strong>Encuentro de J\u00f3venes \u00abII Oportunidad Joven\u00bb<\/strong><\/a><\/span><\/span><\/span><\/span><em><span style=\"color: #000000;\"><span class=\"_3xgd\" style=\"color: #000000;\"><span class=\" _50f4\">, S<span class=\" _50f4\">e realiz\u00f3 en Gaiman el encuentro \u00abII oportunidad joven\u00bb. Particip\u00f3 la extensi\u00f3n a\u00falica Gaiman del ISFD 808. Los estudiantes estuvieron acompa\u00f1ados por las profesoras <strong>Carolina AGUIRRE LOPEZ <\/strong>y <strong>Lisi FULLIO<\/strong>. Estas \u00faltimas ofrecieron una charla informativa sobre nuestro instituto.<\/span><\/span><\/span><\/span><\/em><\/span><\/p>\n<p><span style=\"font-size: 10pt;\"><span style=\"color: #000000;\"><span class=\"_3xgd\" style=\"color: #000000;\"><span class=\" _50f4\"><span class=\" _50f4\"><span style=\"font-size: 12pt;\">22 de septiembre <a title=\"Estudiantina 2017\" href=\"https:\/\/photos.app.goo.gl\/vrec9xJg9UVU2OgK2\" target=\"_blank\" rel=\"noopener\"><strong>ESTUDIANTINA 2017<\/strong><\/a><\/span><\/span><\/span><\/span><\/span><em><span style=\"color: #000000;\"><span class=\"_3xgd\" style=\"color: #000000;\"><span class=\" _50f4\"><span class=\" _50f4\"> <span class=\" _50f4\">El d\u00eda viernes 22 de setiembre de 19 a 20,30 hs,, en las instalaciones del gimnasio se realiz\u00f3 una actividad recreativa por el D\u00eda del Estudiante. Con la organizaci\u00f3n de las alumnas de 3\u00b0 y 4\u00b0 a\u00f1o del Profesorado de Educaci\u00f3n Primaria y la profesora <strong>Gabriela BERMUDEZ<\/strong> la comunidad educativa del ISFD 808 particip\u00f3 de la tradicional Estudiantina.<\/span><\/span><\/span><\/span><\/span><\/em><\/span><\/p>\n<p><span style=\"font-size: 10pt;\"><span style=\"color: #000000; font-size: 12pt;\"><span class=\"_3xgd\" style=\"color: #000000;\"><span class=\" _50f4\"><span class=\" _50f4\"><span class=\" _50f4\">27 de septiembre Taller: <a title=\"Taller de Metacognici\u00f3n Sep 2017\" href=\"http:\/\/asesores808.blogspot.com.ar\/2017\/09\/taller-metacognicion-una-mirada.html\" target=\"_blank\" rel=\"noopener\"><strong>Metacognici\u00f3n, una mirada reflexiva a la Hora de Estudiar<\/strong><\/a> <em><span style=\"font-size: 10pt;\">se llev\u00f3 a cabo don los alumnos de primer a\u00f1o primera y segunda divisi\u00f3n y con los alumnos de la Extensi\u00f3n \u00e1ulica Gaiman.&nbsp;<\/span><\/em><\/span><\/span><\/span><\/span><\/span><\/span><\/p>\n<p><span style=\"font-size: 10pt;\"><span style=\"color: #000000; font-size: 12pt;\"><span class=\"_3xgd\" style=\"color: #000000;\"><span class=\" _50f4\"><span class=\" _50f4\"><span class=\" _50f4\">30 de septiembre <a title=\"Explorando Vocaciones Cient\u00edficas y Tecnol\u00f3g\u00edcas 2017\" href=\"https:\/\/photos.app.goo.gl\/E6r6nqoxYZEc0JQ52\"><strong>Explorando Vocaciones Cient\u00edficas y Tecnol\u00f3g\u00edcas <\/strong><\/a><\/span><\/span><\/span><\/span><\/span><em><span style=\"color: #000000;\"><span class=\"_3xgd\" style=\"color: #000000;\"><span class=\" _50f4\"><span class=\" _50f4\"><span class=\" _50f4\"><strong><span style=\"font-size: 12pt;\"><a title=\"Explorando Vocaciones Cient\u00edficas y Tecnol\u00f3g\u00edcas 2017\" href=\"https:\/\/photos.app.goo.gl\/E6r6nqoxYZEc0JQ52\" target=\"_blank\" rel=\"noopener\">ISFD 808 &#8211; ESETP N\u00b0 748<\/a> <\/span><\/strong>Gracias a la supervisora Prof. Claudia R\u00edos, a las autoridades de la ESETP N\u00b0 748 y a todos los participantes que hicieron posible otro encuentro entre los estudiantes del nivel secundario, el espacio de la Pr\u00e1ctica del ISFD 808 y diferentes profesionales que dedicaron su tiempo para fomentar vocaciones Cient\u00edficas y Tecnol\u00f3g\u00edcas.<\/span><\/span><\/span><\/span><\/span><\/em><\/span><\/p>\n<p>&nbsp;<\/p>\n<\/div>","protected":false},"excerpt":{"rendered":"<p>Marzo Taller de Ingresantes Marzo Inicio del Ciclo Lectivo en la Extensi\u00f3n A\u00falica Gaiman 3 de abril Acto por el d\u00eda de los Veteranos y caidos en la guerra de Malvinas Malvinas es grito y es silencio. Es memoria y desmemoria. Pero cada vez que vemos la silueta recortada de esas islas, hay unos cuerpos &#8230; <a title=\"Fotos A\u00f1o 2017\" class=\"read-more\" href=\"https:\/\/isfd808-chu.infd.edu.ar\/sitio\/fotos\/ano-2017\/\" aria-label=\"More on Fotos A\u00f1o 2017\">[+]<\/a><\/p>\n","protected":false},"author":352,"featured_media":0,"parent":1652,"menu_order":1,"comment_status":"closed","ping_status":"closed","template":"","meta":[],"acf":[],"_links":{"self":[{"href":"https:\/\/isfd808-chu.infd.edu.ar\/sitio\/wp-json\/wp\/v2\/pages\/1255"}],"collection":[{"href":"https:\/\/isfd808-chu.infd.edu.ar\/sitio\/wp-json\/wp\/v2\/pages"}],"about":[{"href":"https:\/\/isfd808-chu.infd.edu.ar\/sitio\/wp-json\/wp\/v2\/types\/page"}],"author":[{"embeddable":true,"href":"https:\/\/isfd808-chu.infd.edu.ar\/sitio\/wp-json\/wp\/v2\/users\/352"}],"replies":[{"embeddable":true,"href":"https:\/\/isfd808-chu.infd.edu.ar\/sitio\/wp-json\/wp\/v2\/comments?post=1255"}],"version-history":[{"count":3,"href":"https:\/\/isfd808-chu.infd.edu.ar\/sitio\/wp-json\/wp\/v2\/pages\/1255\/revisions"}],"predecessor-version":[{"id":3229,"href":"https:\/\/isfd808-chu.infd.edu.ar\/sitio\/wp-json\/wp\/v2\/pages\/1255\/revisions\/3229"}],"up":[{"embeddable":true,"href":"https:\/\/isfd808-chu.infd.edu.ar\/sitio\/wp-json\/wp\/v2\/pages\/1652"}],"wp:attachment":[{"href":"https:\/\/isfd808-chu.infd.edu.ar\/sitio\/wp-json\/wp\/v2\/media?parent=1255"}],"curies":[{"name":"wp","href":"https:\/\/api.w.org\/{rel}","templated":true}]}}