{"id":1286,"date":"2018-08-31T14:06:54","date_gmt":"2018-08-31T17:06:54","guid":{"rendered":"https:\/\/isfd808-chu.infd.edu.ar\/sitio\/?page_id=1286"},"modified":"2024-11-06T17:53:02","modified_gmt":"2024-11-06T20:53:02","slug":"carreras","status":"publish","type":"page","link":"https:\/\/isfd808-chu.infd.edu.ar\/sitio\/carreras\/","title":{"rendered":"CARRERAS"},"content":{"rendered":"<div style=\"border: 2px solid #595859; border-radius: 5px; box-shadow: 10px 5px 5px #2F2E2F; padding: 30px; background-image: url('https:\/\/i.pinimg.com\/564x\/71\/f4\/d0\/71f4d0be12623fcad75409609bc9d246.jpg'); background-size: cover; background-repeat: no-repeat; background-position: center center; color: #000000; font-size: .8em; font-family: Verdana, Arial, sans-serif; margin-left: auto; margin-right: auto;\">\n<p style=\"font-size: 2.1em; border: 2px solid #FFF; text-align: center; background: linear-gradient(50deg, #b4f962, #5cf012);\">Profesorado de<strong> <a href=\"https:\/\/isfd808-chu.infd.edu.ar\/sitio\/carreras\/profesorado-de-educacion-primaria\/\" rel=\"noreferrer noopener\"><span style=\"text-shadow: 0px 0px 5px #fff;\">Educaci\u00f3n PRIMARIA<\/span><\/a><\/strong><\/p>\n<div style=\"border: 2px solid #FFF; background: linear-gradient(50deg, #f9f962, #eaa913);\">\n&nbsp;<\/p>\n<ul>\n<li>\n<p style=\"font-size: 2.1em; text-align: left;\">Profesorado de <strong><a href=\"https:\/\/isfd808-chu.infd.edu.ar\/sitio\/carreras\/profesorado-de-educacion-secundaria-en-matematica\/\" rel=\"noreferrer noopener\"><span style=\"text-shadow: 0px 0px 5px #fff;\">Educaci\u00f3n Secundaria en MATEM\u00c1TICA<\/span><\/a><\/strong><\/p>\n<\/li>\n<li>\n<p style=\"font-size: 2.1em; text-align: left;\">Profesorado de <strong><a href=\"https:\/\/isfd808-chu.infd.edu.ar\/sitio\/carreras\/profesorado-de-educacion-secundaria-en-fisica\/\" rel=\"noreferrer noopener\"><span style=\"text-shadow: 0px 0px 5px #fff;\">Educaci\u00f3n Secundaria en F\u00cdSICA<\/span><\/a><\/strong><\/p>\n<\/li>\n<li>\n<p style=\"font-size: 2.1em; text-align: left;\">Profesorado de <strong><a href=\"https:\/\/isfd808-chu.infd.edu.ar\/sitio\/carreras\/profesorado-de-educacion-secundaria-en-biologia\/\" rel=\"noreferrer noopener\"><span style=\"text-shadow: 0px 0px 5px #fff;\">Educaci\u00f3n Secundaria en QU\u00cdMICA<\/span><\/a><\/strong><\/p>\n<\/li>\n<li>\n<p style=\"font-size: 2.1em; text-align: left;\">Profesorado de <strong><a href=\"https:\/\/isfd808-chu.infd.edu.ar\/sitio\/carreras\/profesorado-de-educacion-secundaria-en-biologia\/\" rel=\"noreferrer noopener\"><span style=\"text-shadow: 0px 0px 5px #fff;\">Educaci\u00f3n Secundaria en BIOLOG\u00cdA<\/span><\/a><\/strong><\/p>\n<\/li>\n<\/ul>\n<\/div>\n<p>&nbsp;<\/p>\n<div style=\"text-align: center; font-size: 1.6em; font-family: Arial, sans-serif;\">consultas: <a href=\"mailto:isfd808@chubut.edu.ar\" target=\"_blank\" rel=\"noopener\"><strong><span style=\"text-shadow: 0px 0px 5px #fff;\">isfd808@chubut.edu.ar<\/span><\/strong><\/a><\/div>\n<\/div>\n","protected":false},"excerpt":{"rendered":"<p>Profesorado de Educaci\u00f3n PRIMARIA &nbsp; Profesorado de Educaci\u00f3n Secundaria en MATEM\u00c1TICA Profesorado de Educaci\u00f3n Secundaria en F\u00cdSICA Profesorado de Educaci\u00f3n Secundaria en QU\u00cdMICA Profesorado de Educaci\u00f3n Secundaria en BIOLOG\u00cdA &nbsp; consultas: isfd808@chubut.edu.ar<\/p>\n","protected":false},"author":352,"featured_media":0,"parent":0,"menu_order":0,"comment_status":"closed","ping_status":"closed","template":"","meta":[],"acf":[],"_links":{"self":[{"href":"https:\/\/isfd808-chu.infd.edu.ar\/sitio\/wp-json\/wp\/v2\/pages\/1286"}],"collection":[{"href":"https:\/\/isfd808-chu.infd.edu.ar\/sitio\/wp-json\/wp\/v2\/pages"}],"about":[{"href":"https:\/\/isfd808-chu.infd.edu.ar\/sitio\/wp-json\/wp\/v2\/types\/page"}],"author":[{"embeddable":true,"href":"https:\/\/isfd808-chu.infd.edu.ar\/sitio\/wp-json\/wp\/v2\/users\/352"}],"replies":[{"embeddable":true,"href":"https:\/\/isfd808-chu.infd.edu.ar\/sitio\/wp-json\/wp\/v2\/comments?post=1286"}],"version-history":[{"count":27,"href":"https:\/\/isfd808-chu.infd.edu.ar\/sitio\/wp-json\/wp\/v2\/pages\/1286\/revisions"}],"predecessor-version":[{"id":7177,"href":"https:\/\/isfd808-chu.infd.edu.ar\/sitio\/wp-json\/wp\/v2\/pages\/1286\/revisions\/7177"}],"wp:attachment":[{"href":"https:\/\/isfd808-chu.infd.edu.ar\/sitio\/wp-json\/wp\/v2\/media?parent=1286"}],"curies":[{"name":"wp","href":"https:\/\/api.w.org\/{rel}","templated":true}]}}