{"id":1300,"date":"2018-08-31T16:36:08","date_gmt":"2018-08-31T19:36:08","guid":{"rendered":"https:\/\/isfd808-chu.infd.edu.ar\/sitio\/?page_id=1300"},"modified":"2022-05-13T11:07:12","modified_gmt":"2022-05-13T14:07:12","slug":"institucionales","status":"publish","type":"page","link":"https:\/\/isfd808-chu.infd.edu.ar\/sitio\/institucionales\/","title":{"rendered":"INSTITUCIONALES"},"content":{"rendered":"\n<p>Durante los m\u00e1s de 50 a\u00f1os de vida del Instituto Superior de Formaci\u00f3n Docente N\u00ba 808&nbsp;<em>\u00abPedro y Mar\u00eda Curie\u00bb<\/em>, se han vivenciado diversos y profundos cambios. Se ha acelerado la expansi\u00f3n de m\u00faltiples tecnolog\u00edas, entre ellas las TIC (Tecnolog\u00edas de la Informaci\u00f3n y las Comunicaciones), que generan la oportunidad de conectarnos con diversidad de conocimientos, establecer nuevos v\u00ednculos y, en consecuencia, nuevas reglas de distribuci\u00f3n de oportunidades y de inclusi\u00f3n.<\/p>\n\n\n\n<p>Estudiantes, Graduados y Docentes de nuestra Instituci\u00f3n y del Sistema Educativo son convocados a conocer nuestra p\u00e1gina en esta autopista inform\u00e1tica que es Internet y queda abierta la invitaci\u00f3n a usar de \u00e9l y enviar aportes.<\/p>\n\n\n\n<p>Por ello resulta especialmente relevante el paso que hemos dado, esperando sea una contribuci\u00f3n valiosa y \u00fatil al debate y mejoramiento de las pol\u00edticas educativas.<\/p>\n\n\n<div style=\"background-image: url('https:\/\/www.freepik.es\/vector-gratis\/vector-fondo-degradado-primavera-rosa-claro-verde_15847301.htm#page=1&amp;query=fondo%20degradado%20blanco&amp;position=17&amp;from_view=keyword'); background-size: cover; background-repeat: no-repeat; background-position: center center; border-radius: 5px; font-family: Verdana; padding: 15px; box-align: center; color: #000000; font-size: 1.3em;\">\n<p style=\"text-align: center;\"><span style=\"font-size: 16pt;\"><strong><span style=\"font-family: verdana;\">Instituto Superior de Formaci\u00f3n Docente N\u00ba 808 <\/span><\/strong><\/span><span style=\"font-size: 16pt;\"><strong><span style=\"font-family: verdana;\"><em>\u00abPedro y Mar\u00eda Curie\u00bb<\/em><\/span><\/strong><\/span><\/p>\n<ul>\n<li style=\"list-style-type: none;\">\n<ul>\n<li style=\"list-style-type: none;\">\n<ul>\n<li style=\"list-style-type: none;\">\n<ul>\n<li style=\"text-align: left;\"><span style=\"font-size: 12pt; font-family: verdana;\">Sede Centro: <strong>Pellegrini 390<\/strong> &#8211; Trelew &#8211; <\/span><em><span style=\"font-size: 12pt; font-family: verdana;\">TE.: <strong>0280 442-6567<\/strong><\/span><\/em><\/li>\n<li style=\"text-align: left;\"><span style=\"font-size: 12pt;\">Anexo Colegio 730: <strong>Belgrano 2170 &#8211; <\/strong>Trelew<\/span><\/li>\n<li style=\"text-align: left;\"><span style=\"font-size: 12pt; font-family: verdana;\">Extensi\u00f3n Aulica <strong>Gaiman<\/strong>: <strong><strong>Escuela 100 &#8211; <\/strong><\/strong>E. Tello 848<strong><strong><br><\/strong><\/strong><\/span><\/li>\n<\/ul>\n<\/li>\n<\/ul>\n<\/li>\n<\/ul>\n<\/li>\n<\/ul>\n<p style=\"text-align: center;\"><span style=\"font-size: 12pt;\">&nbsp;<\/span><span style=\"font-size: 10pt; font-family: verdana;\" data-mce-mark=\"1\"><span style=\"font-size: 12pt;\">consultas: <\/span><strong><span style=\"font-size: 12pt;\"><a href=\"mailto:%20infoisfd808@gmail.com\">infoisfd808@gmail.com<\/a><\/span><\/strong><\/span><\/p>\n<\/div>\n\n\n<p><\/p>\n","protected":false},"excerpt":{"rendered":"<p>Durante los m\u00e1s de 50 a\u00f1os de vida del Instituto Superior de Formaci\u00f3n Docente N\u00ba 808&nbsp;\u00abPedro y Mar\u00eda Curie\u00bb, se han vivenciado diversos y profundos cambios. Se ha acelerado la expansi\u00f3n de m\u00faltiples tecnolog\u00edas, entre ellas las TIC (Tecnolog\u00edas de la Informaci\u00f3n y las Comunicaciones), que generan la oportunidad de conectarnos con diversidad de conocimientos, &#8230; <a title=\"INSTITUCIONALES\" class=\"read-more\" href=\"https:\/\/isfd808-chu.infd.edu.ar\/sitio\/institucionales\/\" aria-label=\"More on INSTITUCIONALES\">[+]<\/a><\/p>\n","protected":false},"author":352,"featured_media":0,"parent":0,"menu_order":0,"comment_status":"closed","ping_status":"closed","template":"","meta":[],"acf":[],"_links":{"self":[{"href":"https:\/\/isfd808-chu.infd.edu.ar\/sitio\/wp-json\/wp\/v2\/pages\/1300"}],"collection":[{"href":"https:\/\/isfd808-chu.infd.edu.ar\/sitio\/wp-json\/wp\/v2\/pages"}],"about":[{"href":"https:\/\/isfd808-chu.infd.edu.ar\/sitio\/wp-json\/wp\/v2\/types\/page"}],"author":[{"embeddable":true,"href":"https:\/\/isfd808-chu.infd.edu.ar\/sitio\/wp-json\/wp\/v2\/users\/352"}],"replies":[{"embeddable":true,"href":"https:\/\/isfd808-chu.infd.edu.ar\/sitio\/wp-json\/wp\/v2\/comments?post=1300"}],"version-history":[{"count":3,"href":"https:\/\/isfd808-chu.infd.edu.ar\/sitio\/wp-json\/wp\/v2\/pages\/1300\/revisions"}],"predecessor-version":[{"id":3630,"href":"https:\/\/isfd808-chu.infd.edu.ar\/sitio\/wp-json\/wp\/v2\/pages\/1300\/revisions\/3630"}],"wp:attachment":[{"href":"https:\/\/isfd808-chu.infd.edu.ar\/sitio\/wp-json\/wp\/v2\/media?parent=1300"}],"curies":[{"name":"wp","href":"https:\/\/api.w.org\/{rel}","templated":true}]}}