{"id":2592,"date":"2021-09-09T20:57:58","date_gmt":"2021-09-09T23:57:58","guid":{"rendered":"https:\/\/isfd808-chu.infd.edu.ar\/sitio\/?page_id=2592"},"modified":"2022-03-08T13:46:39","modified_gmt":"2022-03-08T16:46:39","slug":"2021-2","status":"publish","type":"page","link":"https:\/\/isfd808-chu.infd.edu.ar\/sitio\/fotos\/2021-2\/","title":{"rendered":"Fotos A\u00f1o 2021"},"content":{"rendered":"\n<p>2021 08 21 <strong><a rel=\"noreferrer noopener\" href=\"https:\/\/photos.app.goo.gl\/tCgqUvfYSYxC5epj6\" target=\"_blank\">Taller de juegos matem\u00e1ticos<\/a><\/strong> realizado con estudiantes de PPD III del ISFD 808 &#8211; Prof. Daniela HUGHES<\/p>\n\n\n\n<p>2021 09 06 Se nombr\u00f3 al ISFD N\u00b0808 como <strong><a rel=\"noreferrer noopener\" href=\"https:\/\/photos.app.goo.gl\/UqK8GGn2ShoH8r3t9\" target=\"_blank\">Sede de los Post\u00edtulos del INFoD<\/a><\/strong><\/p>\n\n\n\n<p>2021 09 06 Bienvenida la <strong><a rel=\"noreferrer noopener\" href=\"https:\/\/photos.app.goo.gl\/SdoffFX5g1MhSGBL7\" target=\"_blank\">presencialidad plena<\/a><\/strong> &#8211; Sede CENTRO<\/p>\n\n\n\n<p>2021 09 08 Estudiantes de 2\u00b0 A\u00f1o-Extensi\u00f3n \u00c1ulica Gaiman en el marco del abordaje de tem\u00e1tica sobre <strong><a rel=\"noreferrer noopener\" href=\"https:\/\/photos.app.goo.gl\/p15ALJYYg8mYfQSKA\" target=\"_blank\">Funciones Cognitivas en la c\u00e1tedra Sujetos de la Educaci\u00f3n Primaria<\/a><\/strong><\/p>\n\n\n\n<p>2021 09 09 Bienvenida la <strong><a rel=\"noreferrer noopener\" href=\"https:\/\/photos.app.goo.gl\/Xnp5MsMBaGepDq4F9\" target=\"_blank\">presencialidad plena<\/a><\/strong> &#8211; Anexo 730<\/p>\n\n\n\n<p>2021 09 10 Laboratorio <strong><a rel=\"noreferrer noopener\" href=\"https:\/\/photos.app.goo.gl\/RJCxRnpA5Xzf3J9s8\" target=\"_blank\">Profesorado de  Fi\u0301sica y Qui\u0301mica<\/a><\/strong><\/p>\n\n\n\n<p>2021 <strong><a rel=\"noreferrer noopener\" href=\"https:\/\/photos.app.goo.gl\/L9yMXHpecLLPTSa79\" target=\"_blank\">Cuadros<\/a><\/strong><\/p>\n\n\n\n<p>2021 09 20 Consejo Institucional &#8211; <strong><a rel=\"noreferrer noopener\" href=\"https:\/\/photos.app.goo.gl\/e1Bzi5TWHhsEEpzS6\" target=\"_blank\">Llamado a Elecciones del Equipo Directivo<\/a><\/strong> 2022-2026<\/p>\n\n\n\n<p>2021 09 22 <strong><a rel=\"noreferrer noopener\" href=\"https:\/\/photos.app.goo.gl\/iieY339pEVhijhEW9\" target=\"_blank\">Taller experimental<\/a><\/strong> de Ciencias Naturales<\/p>\n\n\n\n<p>2021 09 28 <strong><a rel=\"noreferrer noopener\" href=\"https:\/\/photos.app.goo.gl\/2UxCpY9RDbKvqD5g9\" target=\"_blank\">Visita a AQUAVIDA<\/a><\/strong> de los alumnos de 2\u00b0 y 3\u00b0 a\u00f1o del Prof. de Educaci\u00f3n Primaria<\/p>\n\n\n\n<p>2021 09 29 Taller de <strong><a rel=\"noreferrer noopener\" href=\"https:\/\/photos.app.goo.gl\/6Dr44GdzFXs1ZQ4M6\" target=\"_blank\">JUEGO Y EXPRESI\u00d3N CORPORAL<\/a><\/strong>, 3\u00b0 a\u00f1o del Profesorado de Educaci\u00f3n Primaria<\/p>\n\n\n\n<p>2021 10 06 <strong><a rel=\"noreferrer noopener\" href=\"https:\/\/photos.app.goo.gl\/d4QW2pmJXPDiBU1g8\" target=\"_blank\">Taller experimental<\/a><\/strong> de Ciencias Naturales 1\u00ba3\u00ba<\/p>\n\n\n\n<p>2021 10 07 <strong><a rel=\"noreferrer noopener\" href=\"https:\/\/photos.app.goo.gl\/X4ppVwpmUJ47eCna6\" target=\"_blank\">Dramatizaciones sobre \u00abcultura institucional\u00bb<\/a><\/strong> &#8211; Pra\u0301ctica Profesional Docente I<\/p>\n\n\n\n<p>2021 10 12 Acto por el <strong><a rel=\"noreferrer noopener\" href=\"https:\/\/photos.app.goo.gl\/VskiYQuDwirV7WyW6\" target=\"_blank\">D\u00eda del respeto a la diversidad cultural<\/a><\/strong><\/p>\n\n\n\n<p>2021 10 06 <strong><a rel=\"noreferrer noopener\" href=\"https:\/\/photos.app.goo.gl\/v1gmycUkU4e7Phxo6\" target=\"_blank\">Trabajo con las LAGARTIJAS<\/a><\/strong> &#8211; Cs. Naturales<\/p>\n\n\n\n<p>2021 10 22 <strong><a rel=\"noreferrer noopener\" href=\"https:\/\/photos.app.goo.gl\/SbeMQkynL1JwbLjH9\" target=\"_blank\">Dida\u0301ctica de la Lengua y Literatura<\/a><\/strong> &#8211; EA GAIMAN<\/p>\n\n\n\n<p>2021 10 26 <strong><a rel=\"noreferrer noopener\" href=\"https:\/\/photos.app.goo.gl\/V5HvitQGVrPo2EtM8\" target=\"_blank\">Jornada ESI<\/a><\/strong> &#8211; Educar en Igualdad<\/p>\n\n\n\n<p>2021 11 05 <strong><a rel=\"noreferrer noopener\" href=\"https:\/\/photos.app.goo.gl\/CkNvSSnwYAjJVxtX7\" target=\"_blank\">Dida\u0301ctica de la matema\u0301tica en 2do. ciclo<\/a><\/strong> &#8211; Prof. Educaci\u00f3n Primaria<\/p>\n\n\n\n<p>2021 11 12 <strong><a rel=\"noreferrer noopener\" href=\"https:\/\/photos.app.goo.gl\/9z59Cb1BfDnpntU98\" target=\"_blank\">Primeros Auxilios y RCP<\/a><\/strong><\/p>\n\n\n\n<p>2021 11 19 <strong><a rel=\"noreferrer noopener\" href=\"https:\/\/photos.app.goo.gl\/ih3VFgPBcW4yLUia6\" target=\"_blank\">Taller de Bioconstruccio\u0301n<\/a><\/strong> <\/p>\n\n\n\n<p>2011 11 24 <strong><a rel=\"noreferrer noopener\" href=\"https:\/\/photos.app.goo.gl\/5gThEkNAw2EQg16e6\" target=\"_blank\">Proyectos solidarios<\/a><\/strong> de estudiantes de 1ro. 3ra. &#8211; 1ro. 4ta. y 1ro. 5ta.<\/p>\n\n\n\n<p>2021 11 25 <strong><a rel=\"noreferrer noopener\" href=\"https:\/\/photos.app.goo.gl\/F9bhChi9cFBLaGn69\" target=\"_blank\">PPD IV<\/a><\/strong> &#8211; EA Gaiman<\/p>\n\n\n\n<p>2021 11 25 <strong><a rel=\"noreferrer noopener\" href=\"https:\/\/photos.app.goo.gl\/uxiDkh6RwqhcwaUU6\" target=\"_blank\">PPD III y IV<\/a><\/strong><\/p>\n\n\n\n<p>2021 11 26 <strong><a rel=\"noreferrer noopener\" href=\"https:\/\/photos.app.goo.gl\/ocWBtz6BeABAx7Dp9\" target=\"_blank\">Salida educativa Centro Cultural de la Memoria<\/a><\/strong> -4\u00b0 a\u00f1o Prof. educaci\u00f3n primaria EA Gaiman<\/p>\n\n\n\n<p>2021 11 30 <strong><a rel=\"noreferrer noopener\" href=\"https:\/\/photos.app.goo.gl\/3epykJVmi1Kbqz1u9\" target=\"_blank\">PPD IV<\/a><\/strong> &#8211; Sede CENTRO<\/p>\n\n\n\n<p>2021 12 01 <strong><a rel=\"noreferrer noopener\" href=\"https:\/\/photos.app.goo.gl\/i7fs61MMgknaAhEv9\" target=\"_blank\">PPD III<\/a><\/strong> &#8211; Sede CENTRO<\/p>\n\n\n\n<p>2021 11 26 Nuevas <strong><a rel=\"noreferrer noopener\" href=\"https:\/\/photos.app.goo.gl\/u7APcrkRPZk59LHn7\" target=\"_blank\">Profesoras de Qu\u00edmica y F\u00edsica<\/a><\/strong><\/p>\n\n\n\n<p>2021 11 30 Nuevos <strong><a rel=\"noreferrer noopener\" href=\"https:\/\/photos.app.goo.gl\/ZaKgssW8tTLmnVk56\" target=\"_blank\">Profesores de Matem\u00e1tica<\/a><\/strong><\/p>\n\n\n\n<p>2021 12 09 Encuentro <strong><a rel=\"noreferrer noopener\" href=\"https:\/\/photos.app.goo.gl\/tWYRXh6qQDFYtYtk9\" target=\"_blank\">REFERENTES PATAGONICOS<\/a><\/strong><\/p>\n\n\n\n<p>2022 03 04 Entrega de Diplomas <strong><a rel=\"noreferrer noopener\" href=\"https:\/\/photos.app.goo.gl\/hmaQkH1HcHwRt2pF7\" target=\"_blank\">PROMOCI\u00d3N 2021<\/a><\/strong><\/p>\n\n\n\n<p><\/p>\n","protected":false},"excerpt":{"rendered":"<p>2021 08 21 Taller de juegos matem\u00e1ticos realizado con estudiantes de PPD III del ISFD 808 &#8211; Prof. Daniela HUGHES 2021 09 06 Se nombr\u00f3 al ISFD N\u00b0808 como Sede de los Post\u00edtulos del INFoD 2021 09 06 Bienvenida la presencialidad plena &#8211; Sede CENTRO 2021 09 08 Estudiantes de 2\u00b0 A\u00f1o-Extensi\u00f3n \u00c1ulica Gaiman en &#8230; <a title=\"Fotos A\u00f1o 2021\" class=\"read-more\" href=\"https:\/\/isfd808-chu.infd.edu.ar\/sitio\/fotos\/2021-2\/\" aria-label=\"More on Fotos A\u00f1o 2021\">[+]<\/a><\/p>\n","protected":false},"author":352,"featured_media":0,"parent":1652,"menu_order":1,"comment_status":"closed","ping_status":"closed","template":"","meta":[],"acf":[],"_links":{"self":[{"href":"https:\/\/isfd808-chu.infd.edu.ar\/sitio\/wp-json\/wp\/v2\/pages\/2592"}],"collection":[{"href":"https:\/\/isfd808-chu.infd.edu.ar\/sitio\/wp-json\/wp\/v2\/pages"}],"about":[{"href":"https:\/\/isfd808-chu.infd.edu.ar\/sitio\/wp-json\/wp\/v2\/types\/page"}],"author":[{"embeddable":true,"href":"https:\/\/isfd808-chu.infd.edu.ar\/sitio\/wp-json\/wp\/v2\/users\/352"}],"replies":[{"embeddable":true,"href":"https:\/\/isfd808-chu.infd.edu.ar\/sitio\/wp-json\/wp\/v2\/comments?post=2592"}],"version-history":[{"count":30,"href":"https:\/\/isfd808-chu.infd.edu.ar\/sitio\/wp-json\/wp\/v2\/pages\/2592\/revisions"}],"predecessor-version":[{"id":5018,"href":"https:\/\/isfd808-chu.infd.edu.ar\/sitio\/wp-json\/wp\/v2\/pages\/2592\/revisions\/5018"}],"up":[{"embeddable":true,"href":"https:\/\/isfd808-chu.infd.edu.ar\/sitio\/wp-json\/wp\/v2\/pages\/1652"}],"wp:attachment":[{"href":"https:\/\/isfd808-chu.infd.edu.ar\/sitio\/wp-json\/wp\/v2\/media?parent=2592"}],"curies":[{"name":"wp","href":"https:\/\/api.w.org\/{rel}","templated":true}]}}