{"id":2599,"date":"2021-09-09T21:47:21","date_gmt":"2021-09-10T00:47:21","guid":{"rendered":"https:\/\/isfd808-chu.infd.edu.ar\/sitio\/?page_id=2599"},"modified":"2022-02-24T17:46:24","modified_gmt":"2022-02-24T20:46:24","slug":"ano-2019","status":"publish","type":"page","link":"https:\/\/isfd808-chu.infd.edu.ar\/sitio\/fotos\/ano-2019\/","title":{"rendered":"Fotos A\u00f1o 2019"},"content":{"rendered":"\n<p><\/p>\n\n\n\n<p>Primera <strong><a rel=\"noreferrer noopener\" href=\"https:\/\/photos.app.goo.gl\/KCj1oEJLeVve7CdY6\" target=\"_blank\">Reunio\u0301n de Personal<\/a><\/strong><\/p>\n\n\n\n<p>Ingresantes <strong><a rel=\"noreferrer noopener\" href=\"https:\/\/photos.app.goo.gl\/GfeGzz1vxfNwM14k7\" target=\"_blank\">Anexo 730<\/a><\/strong><\/p>\n\n\n\n<p>24 de marzo &#8211;<strong> <a rel=\"noreferrer noopener\" href=\"https:\/\/photos.app.goo.gl\/Zk9igmAKyrmBdXX29\" target=\"_blank\">D\u00eda de la Memoria por la Verdad y la Justicia<\/a><\/strong><\/p>\n\n\n\n<p>Nuevas jubiladas <strong><a rel=\"noreferrer noopener\" href=\"https:\/\/photos.app.goo.gl\/qmKUMKyUFekPFX1w6\" target=\"_blank\">Prof. Diana CROTTA y Marita BOBBIO<\/a><\/strong><\/p>\n\n\n\n<p>Acto por el <strong><a rel=\"noreferrer noopener\" href=\"https:\/\/photos.app.goo.gl\/YphNxp4xMqLeHXva8\" target=\"_blank\">D\u00eda del veterano y de los ca\u00eddos en la guerra de Malvinas<\/a><\/strong><\/p>\n\n\n\n<p><strong><a rel=\"noreferrer noopener\" href=\"https:\/\/photos.app.goo.gl\/3Jf1ceUjFJfmaL9m6\" target=\"_blank\">Biblioteca<\/a><\/strong> con Ariel Williams<\/p>\n\n\n\n<p><strong><a rel=\"noreferrer noopener\" href=\"https:\/\/photos.app.goo.gl\/pnJpeXQS2XqCGezy7\" target=\"_blank\">Semana de los Pueblos originarios<\/a><\/strong><\/p>\n\n\n\n<p>Socializaci\u00f3n del Proyecto de <a rel=\"noreferrer noopener\" href=\"https:\/\/photos.app.goo.gl\/eGhhrZ3a34FKo14QA\" target=\"_blank\"><strong>Coordinacio\u0301n en Desarrollo profesional<\/strong><\/a><\/p>\n\n\n\n<p>Inicio <strong><a rel=\"noreferrer noopener\" href=\"https:\/\/photos.app.goo.gl\/ux1pgKzt6bu51Y3g9\" target=\"_blank\">Profesorado ETP<\/a><\/strong><\/p>\n\n\n\n<p>Jornada de Reflexi\u00f3n en <strong><a href=\"https:\/\/photos.app.goo.gl\/H4bQpsYJ66RV1Gif8\" target=\"_blank\" rel=\"noreferrer noopener\">conmemoraci\u00f3n de la Revoluci\u00f3n de Mayo<\/a><\/strong> &#8211; EA Gaiman<\/p>\n\n\n\n<p>Acto de la <strong><a rel=\"noreferrer noopener\" href=\"https:\/\/photos.app.goo.gl\/m9EEtXdmmFsQHDDc8\" target=\"_blank\">Revoluci\u00f3n de Mayo de 1810<\/a><\/strong> &#8211; Sede Centro<\/p>\n\n\n\n<p>Acto de la <strong><a rel=\"noreferrer noopener\" href=\"https:\/\/photos.app.goo.gl\/vxgqA6VsxAcjQP5C8\" target=\"_blank\">Revoluci\u00f3n de Mayo de 1810<\/a><\/strong> &#8211; Anexo 730<\/p>\n\n\n\n<p>Acto por el <strong><a rel=\"noreferrer noopener\" href=\"https:\/\/photos.app.goo.gl\/qeLYPL1qin4v4AzV7\" target=\"_blank\">D\u00eda de la Independencia<\/a><\/strong><\/p>\n\n\n\n<p>Feria de <strong><a rel=\"noreferrer noopener\" href=\"https:\/\/photos.app.goo.gl\/j5Z6Nr9mzKM5F35Y8\" target=\"_blank\">Innovaci\u00f3n Educativa<\/a><\/strong><\/p>\n\n\n\n<p><strong><a rel=\"noreferrer noopener\" href=\"https:\/\/photos.app.goo.gl\/xpCdwTQ2bHtJY3gN8\" target=\"_blank\">Problem\u00e1ticas de la Educaci\u00f3n Primaria<\/a><\/strong> &#8211; s\u00edndrome de Asperger &#8211; EA GAIMAN<\/p>\n\n\n\n<p><strong><a rel=\"noreferrer noopener\" href=\"https:\/\/photos.app.goo.gl\/51gF3DDtdhgKjUHs5\" target=\"_blank\">Juegos Matem\u00e1ticos en Esc. 138<\/a><\/strong> &#8211; Primer encuentro<\/p>\n\n\n\n<p><strong><a href=\"https:\/\/photos.app.goo.gl\/minnFdAqTARr3cZr9\" target=\"_blank\" rel=\"noreferrer noopener\">Juegos Matem\u00e1ticos en Esc. 138<\/a><\/strong> &#8211; Segundo encuentro<\/p>\n\n\n\n<p><a rel=\"noreferrer noopener\" href=\"https:\/\/photos.app.goo.gl\/CQE3CdG1tQyK1eWs7\" target=\"_blank\"><strong>Actividades experimentales<\/strong> <\/a>en Esc. 138<\/p>\n\n\n\n<p><strong><a href=\"https:\/\/photos.app.goo.gl\/99HtFwZqeVeWDXgY7\" target=\"_blank\" rel=\"noreferrer noopener\">Estrategias did\u00e1cticas<\/a> <\/strong>para abordar contenidos educativos &#8211; EA GAIMAN<\/p>\n\n\n\n<p><strong><a rel=\"noreferrer noopener\" href=\"https:\/\/photos.app.goo.gl\/QT4LmUUs833z17u4A\" target=\"_blank\">Nuevas Profesoras<\/a> <\/strong>de Nivel Primario<\/p>\n\n\n\n<p><\/p>\n","protected":false},"excerpt":{"rendered":"<p>Primera Reunio\u0301n de Personal Ingresantes Anexo 730 24 de marzo &#8211; D\u00eda de la Memoria por la Verdad y la Justicia Nuevas jubiladas Prof. Diana CROTTA y Marita BOBBIO Acto por el D\u00eda del veterano y de los ca\u00eddos en la guerra de Malvinas Biblioteca con Ariel Williams Semana de los Pueblos originarios Socializaci\u00f3n del &#8230; <a title=\"Fotos A\u00f1o 2019\" class=\"read-more\" href=\"https:\/\/isfd808-chu.infd.edu.ar\/sitio\/fotos\/ano-2019\/\" aria-label=\"More on Fotos A\u00f1o 2019\">[+]<\/a><\/p>\n","protected":false},"author":352,"featured_media":0,"parent":1652,"menu_order":1,"comment_status":"closed","ping_status":"closed","template":"","meta":[],"acf":[],"_links":{"self":[{"href":"https:\/\/isfd808-chu.infd.edu.ar\/sitio\/wp-json\/wp\/v2\/pages\/2599"}],"collection":[{"href":"https:\/\/isfd808-chu.infd.edu.ar\/sitio\/wp-json\/wp\/v2\/pages"}],"about":[{"href":"https:\/\/isfd808-chu.infd.edu.ar\/sitio\/wp-json\/wp\/v2\/types\/page"}],"author":[{"embeddable":true,"href":"https:\/\/isfd808-chu.infd.edu.ar\/sitio\/wp-json\/wp\/v2\/users\/352"}],"replies":[{"embeddable":true,"href":"https:\/\/isfd808-chu.infd.edu.ar\/sitio\/wp-json\/wp\/v2\/comments?post=2599"}],"version-history":[{"count":16,"href":"https:\/\/isfd808-chu.infd.edu.ar\/sitio\/wp-json\/wp\/v2\/pages\/2599\/revisions"}],"predecessor-version":[{"id":3231,"href":"https:\/\/isfd808-chu.infd.edu.ar\/sitio\/wp-json\/wp\/v2\/pages\/2599\/revisions\/3231"}],"up":[{"embeddable":true,"href":"https:\/\/isfd808-chu.infd.edu.ar\/sitio\/wp-json\/wp\/v2\/pages\/1652"}],"wp:attachment":[{"href":"https:\/\/isfd808-chu.infd.edu.ar\/sitio\/wp-json\/wp\/v2\/media?parent=2599"}],"curies":[{"name":"wp","href":"https:\/\/api.w.org\/{rel}","templated":true}]}}