{"id":3156,"date":"2022-02-23T22:31:49","date_gmt":"2022-02-24T01:31:49","guid":{"rendered":"https:\/\/isfd808-chu.infd.edu.ar\/sitio\/?page_id=3156"},"modified":"2022-10-02T09:50:19","modified_gmt":"2022-10-02T12:50:19","slug":"elecciones-2022-2026","status":"publish","type":"page","link":"https:\/\/isfd808-chu.infd.edu.ar\/sitio\/institucionales\/elecciones-2022-2026\/","title":{"rendered":"Elecciones 2022-2026"},"content":{"rendered":"<div style=\"border-radius: 5px; padding: 40px; color: #000000; text-align: center; background-image: url('https:\/\/cdn.pixabay.com\/photo\/2014\/10\/04\/17\/55\/background-473805_1280.jpg'); background-size: cover; background-repeat: no-repeat; background-position: center center; font-family: Arial, Verdana, sans-serif; font-size: 1.2em; margin-left: auto; margin-right: auto;\">\n<div><\/div>\n<div><\/div>\n<p><img decoding=\"async\" loading=\"lazy\" class=\"alignnone size-full wp-image-3283\" src=\"https:\/\/isfd808-chu.infd.edu.ar\/sitio\/wp-content\/uploads\/2022\/02\/Elecciones-800x350-1.jpg\" alt=\"\" width=\"800\" height=\"349\" border=\"2px 2px #F2F780\"><\/p>\n<div>&nbsp;<\/div>\n<div style=\"width: 75%; border-radius: 5px; padding: 40px; color: #F4FA58; text-align: center; font-family: Arial, Verdana, sans-serif; font-size: 1.1em; margin-left: auto; margin-right: auto; border: 2px solid #F2F780;\"><span style=\"font-size: 1.7em; text-align: center; font-weight: bold; text-shadow: 2px 2px #010100;\">Elecciones 2022-2026<\/span><\/p>\n<p style=\"font-size: 1.2em; text-align: center; font-weight: bold; border: 1px solid #8B0809; padding: 10px; color: #F2F5A9;\">Jueves 31 de marzo de 18:00 a 20:00 hs.<\/p>\n<\/div>\n<div>&nbsp;<\/div>\n<div style=\"width: 75%; border-radius: 5px; padding: 60px; color: #000000; text-align: left; background: linear-gradient(60deg, #F3F680, #F3F680); font-family: Arial, Verdana, sans-serif; font-size: 1em; margin-left: auto; margin-right: auto; border: 2px solid #FF8000;\">\n<p style=\"font-size: 1em;\">Habi\u00e9ndose realizado las elecciones el pasado 31 de marzo, comunicamos los resultados obtenidos por la lista <a href=\"https:\/\/drive.google.com\/file\/d\/1wT3AgygiNf0s5MfvihfRyhpreeEZXROS\/view?usp=sharing\" target=\"_blank\" rel=\"noopener\"><strong>Compromiso por la Formaci\u00f3n<\/strong><\/a>, integrada por:<\/p>\n<ul style=\"list-style-type: none;\">\n<li><b>Directora<\/b> Mag\u00edster Ver\u00f3nica CATEBIEL<\/li>\n<li><b>Vice-Director<\/b> Profesor Juan Pablo SIMONETTI<\/li>\n<li><b>Secretaria Acad\u00e9mica<\/b> Profesora Silvia ZAMARRE\u00d1O<\/li>\n<li><b>Suplente<\/b> Profesora Daniela HUGHES<\/li>\n<\/ul>\n<p>El triunfo en valores netos es del 86% sobre el total de votantes.<\/p>\n<p>Felicitamos a todos los que participaron en la jornada de las elecciones, colaborando en las mesas y asistiendo a votar.<\/p>\n<p>Junta Electoral<br \/>\nISFD 808<\/p>\n<\/div>\n<\/div>\n","protected":false},"excerpt":{"rendered":"<p>&nbsp; Elecciones 2022-2026 Jueves 31 de marzo de 18:00 a 20:00 hs. &nbsp; Habi\u00e9ndose realizado las elecciones el pasado 31 de marzo, comunicamos los resultados obtenidos por la lista Compromiso por la Formaci\u00f3n, integrada por: Directora Mag\u00edster Ver\u00f3nica CATEBIEL Vice-Director Profesor Juan Pablo SIMONETTI Secretaria Acad\u00e9mica Profesora Silvia ZAMARRE\u00d1O Suplente Profesora Daniela HUGHES El triunfo &#8230; <a title=\"Elecciones 2022-2026\" class=\"read-more\" href=\"https:\/\/isfd808-chu.infd.edu.ar\/sitio\/institucionales\/elecciones-2022-2026\/\" aria-label=\"More on Elecciones 2022-2026\">[+]<\/a><\/p>\n","protected":false},"author":352,"featured_media":0,"parent":1300,"menu_order":1,"comment_status":"closed","ping_status":"closed","template":"","meta":[],"acf":[],"_links":{"self":[{"href":"https:\/\/isfd808-chu.infd.edu.ar\/sitio\/wp-json\/wp\/v2\/pages\/3156"}],"collection":[{"href":"https:\/\/isfd808-chu.infd.edu.ar\/sitio\/wp-json\/wp\/v2\/pages"}],"about":[{"href":"https:\/\/isfd808-chu.infd.edu.ar\/sitio\/wp-json\/wp\/v2\/types\/page"}],"author":[{"embeddable":true,"href":"https:\/\/isfd808-chu.infd.edu.ar\/sitio\/wp-json\/wp\/v2\/users\/352"}],"replies":[{"embeddable":true,"href":"https:\/\/isfd808-chu.infd.edu.ar\/sitio\/wp-json\/wp\/v2\/comments?post=3156"}],"version-history":[{"count":46,"href":"https:\/\/isfd808-chu.infd.edu.ar\/sitio\/wp-json\/wp\/v2\/pages\/3156\/revisions"}],"predecessor-version":[{"id":3520,"href":"https:\/\/isfd808-chu.infd.edu.ar\/sitio\/wp-json\/wp\/v2\/pages\/3156\/revisions\/3520"}],"up":[{"embeddable":true,"href":"https:\/\/isfd808-chu.infd.edu.ar\/sitio\/wp-json\/wp\/v2\/pages\/1300"}],"wp:attachment":[{"href":"https:\/\/isfd808-chu.infd.edu.ar\/sitio\/wp-json\/wp\/v2\/media?parent=3156"}],"curies":[{"name":"wp","href":"https:\/\/api.w.org\/{rel}","templated":true}]}}