{"id":3834,"date":"2022-08-05T14:55:46","date_gmt":"2022-08-05T17:55:46","guid":{"rendered":"https:\/\/isfd808-chu.infd.edu.ar\/sitio\/?page_id=3834"},"modified":"2022-12-05T22:23:36","modified_gmt":"2022-12-06T01:23:36","slug":"fortalecimiento-de-las-trayectorias-estudiantiles","status":"publish","type":"page","link":"https:\/\/isfd808-chu.infd.edu.ar\/sitio\/institucionales\/fortalecimiento-de-las-trayectorias-estudiantiles\/","title":{"rendered":"Fortalecimiento de las TRAYECTORIAS ESTUDIANTILES"},"content":{"rendered":"<div style=\"border-radius: 5px; padding: 50px; width: 100%; background-image: url('https:\/\/img.freepik.com\/vector-gratis\/fondo-acuarela-naranja-abstracto_23-2149057816.jpg?w=2000'); background-size: cover; background-repeat: no-repeat; background-position: center center; color: #000000; font-size: 1.1em; font-family: Arial, Verdana, sans-serif; margin-left: auto; margin-right: auto;\">\nEstimados Estudiantes:<\/p>\n<p>En el marco del programa de Fortalecimiento de las Trayectorias Estudiantiles, los invitamos a sumarse  a las siguientes propuestas que se dictar\u00e1n en el Instituto.<\/p>\n<p>La duraci\u00f3n ser\u00e1 de tres meses (<i>Agosto, Septiembre y Octubre<\/i>), pudiendo acceder a m\u00e1s a de una oferta.<\/p>\n<p>Cualquier duda o consulta, pueden comunicarse por el campus, directamente con el profesor\/a que dictar\u00e1 cada trayecto o al siguiente e-mail: <a href=\"mailto:cipeisfd808@gmail.com\"><strong>cipeisfd808@gmail.com<\/strong><\/a><\/p>\n<p>\u00a1Los esperamos!<\/p>\n<div style=\"border-radius: 5px; padding: 50px; width: 90%; background: linear-gradient(50deg, #F2F780, #F4F6CF);  color: #000000; font-size: 1.1em; font-family: Arial, Verdana, sans-serif; margin-left: auto; margin-right: auto; box-shadow: 5px 5px 5px #424343; border: 2px solid #ffffff;\">\n<p><span style=\"font-weight: bold; font-size: 1.1em;\"><a href=\"https:\/\/forms.gle\/7biqQY3AKwzX4VZs5\" target=\"_blank\" rel=\"noopener\">\u00abLeer y escribir en el Nivel Superior de pospandemia\u201d<\/a><\/span> Prof. URTIZBEREA, Cristina<br \/>\n<span style=\"font-size: 0.9em;\"><u>Destinatarios<\/u>: <b>Estudiantes del Profesorado de Ense\u00f1anza Primaria que cursen 1\u00b0 y  2\u00b0  a\u00f1o<\/b>.<br \/>\nD\u00eda y Horario: Jueves 14:40 a 17:10 hs.  (Fecha de inicio jueves 11\/08, solo por este d\u00eda Sala de Inform\u00e1tica \u2013 1\u00b0 piso).<br \/>\nLugar (a partir del jueves 18\/08): CAIE (1\u00b0 Piso) Sede Centro (Pellegrini 390)<span><\/span><\/span><\/p>\n<p><span style=\"font-weight: bold; font-size: 1.1em;\"><a href=\"https:\/\/forms.gle\/2U8MZWYtymuHx8TY7\" target=\"_blank\" rel=\"noopener\">\u201cTaller de refuerzo de las Ciencias Naturales\u201d<\/a><\/span> Prof. JARAMILLO, Gabriela<br \/>\n<span style=\"font-size: 0.9em;\"><u>Destinatarios<\/u>: <b>Estudiantes de 2\u00b0 a\u00f1o del Profesorado de Educaci\u00f3n Primaria<\/b> hasta cohorte 2021 (Res.310\/14).<br \/>\nD\u00eda y Horario: Martes de 16 a 17:20 hs. (Fecha de inicio martes 09\/08)<br \/>\nLugar: Biblioteca \u201cChecha Comes\u201d (1\u00b0 Piso) Sede Centro (Pellegrini 390)<\/span><\/p>\n<\/div>\n<div>&nbsp;<\/div>\n<div style=\"border-radius: 5px; padding: 50px; width: 90%; background: linear-gradient(50deg, #F4F6CF, #F2F780);  color: #000000; font-size: 1.1em; font-family: Arial, Verdana, sans-serif; margin-left: auto; margin-right: auto; box-shadow: 5px 5px 5px #424343; border: 2px solid #ffffff;\">\n<span style=\"font-weight: bold; font-size: 1.1em;\"><a href=\"https:\/\/forms.gle\/MTRzS3q32Fo8EQ6H9\" target=\"_blank\" rel=\"noopener\">\u201cTaller de refuerzo para mec\u00e1nica\u201d<\/a><\/span> Prof. BARRIONUEVO, Hern\u00e1n<br \/>\n<span style=\"font-size: 0.9em;\"><u>Destinatarios<\/u>: <b>Estudiantes del Profesorado de Educaci\u00f3n Secundaria en F\u00edsica<\/b>, que requieran refuerzo en mec\u00e1nica.<br \/>\nD\u00eda y Horario: Viernes 15 a 17:40 hs. (Fecha de inicio viernes 12\/08)<br \/>\nLugar: CAIE (1\u00b0 Piso) Sede Centro (Pellegrini 390)<\/span><\/p>\n<p><span style=\"font-weight: bold; font-size: 1.1em;\"><a href=\"https:\/\/forms.gle\/Co2wX2DaKUsZGpsr7\" target=\"_blank\" rel=\"noopener\">\u201cDebate cient\u00edfico\u201d<\/a><\/span> Prof. RODRIGUEZ, Federico<br \/>\n<span style=\"font-size: 0.9em;\"><u>Destinatarios<\/u>: <b>Estudiantes que se encuentren cursando el 3\u00b0 y 4\u00b0 a\u00f1o del Profesorado de Qu\u00edmica.<\/b><br \/>\nD\u00eda y Horario: Martes 14 a 16:40 hs. (Fecha de inicio martes 09\/08)<br \/>\nLugar: CAIE (1\u00b0 Piso) Sede Centro (Pellegrini 390)<\/span><\/p>\n<p><span style=\"font-weight: bold; font-size: 1.1em;\"><a href=\"https:\/\/forms.gle\/JLj5UDiSRZipxUX29\" target=\"_blank\" rel=\"noopener\">\u201cTaller de refuerzo para Introducci\u00f3n al An\u00e1lisis de Funciones\u201d<\/a><\/span> Prof. CAPPAI, Zulema<br \/>\n<span style=\"font-size: 0.9em;\"><u>Destinatarios<\/u>: <b>Estudiantes del 1\u00b0a\u00f1o del Profesorado de Educaci\u00f3n Secundaria en Matem\u00e1tica, ingresantes, recursantes<\/b> y todos aquellos que necesiten rendir el final de la materia ya sea de forma regular como libre.<br \/>\nD\u00eda y Horario: S\u00e1bados 09 a 11:40 hs. (Fecha de inicio s\u00e1bado 13\/08)<br \/>\nLugar: Sede Centro (Pellegrini 390)<span><\/span><\/span><\/p>\n<p><span style=\"font-weight: bold; font-size: 1.1em;\"><a href=\"https:\/\/forms.gle\/4qDERDA1XTTtGte97\" target=\"_blank\" rel=\"noopener\">\u201cHablemos de Algebra\u201d<\/a><\/span>  Prof. BASCONCELO, Sonia<br \/>\n<span style=\"font-size: 0.9em;\"><u>Destinatarios<\/u>: <b>Estudiantes que est\u00e9n cursando o recursando \u00c1lgebra de los Conjuntos Num\u00e9ricos, del Profesorado de Educaci\u00f3n Secundaria en Matem\u00e1tica.<\/b> Estudiantes que quieran rendir el final de \u00c1lgebra de los Conjuntos Num\u00e9ricos.<br \/>\nDias y Horarios: Lunes y Mi\u00e9rcoles de 16 a 17:20 hs. (Fecha de inicio lunes 08\/08)<br \/>\nLugar: CAIE (1\u00b0 Piso) Sede Centro (Pellegrini 390)<\/span><\/p>\n<p><span style=\"font-weight: bold; font-size: 1.1em;\"><a href=\"https:\/\/docs.google.com\/forms\/d\/e\/1FAIpQLScNB7ZRZS2529v2ddfyAdlp_EJewfAg4P8yt7ONpeZC2qVJ5w\/viewform?vc=0&amp;c=0&amp;w=1&amp;flr=0\" target=\"_blank\" rel=\"noopener\">\u201cLectura y Escritura\u201d<\/a><\/span> Prof. LUNA, Marilina<br \/>\n<span style=\"font-size: 0.9em;\"><u>Destinatarios<\/u>: <b>Estudiantes de 1\u00b0 a\u00f1o de los Profesorados de Educaci\u00f3n Primaria y Profesorado de Secundaria (Matem\u00e1tica, Qu\u00edmica y F\u00edsica).<\/b><br \/>\nD\u00eda y Horario: S\u00e1bado 09:00 a 11:40 hs. (Fecha de inicio s\u00e1bado 17\/09)<br \/>\nLugar: Sede Centro<\/span><\/p>\n<p><span style=\"font-weight: bold; font-size: 1.1em;\"><a href=\"https:\/\/docs.google.com\/forms\/d\/1nApfBuq8mmZOevSil7kPsDSQ4Q-SJJF_xNwlxYvLvoU\/viewform?edit_requested=true\" target=\"_blank\" rel=\"noopener\">\u201cAprendiendo a aprender Ciencias Sociales\u201d<\/a><\/span> Prof. DI SANTO, Mart\u00edn<br \/>\n<span style=\"font-size: 0.9em;\"><u>Destinatarios<\/u>: <b>Estudiantes que cursen \u201cCiencias Sociales\u201d de 1\u00ba a\u00f1o del Profesorado de Educaci\u00f3n Primaria<\/b>.<br \/>\nD\u00eda y Horario: Mi\u00e9rcoles 15:30 a 17:30 hs. (Fecha de Inicio mi\u00e9rcoles 19\/10)<br \/>\nLugar: ISFD N\u00b0 808 Trelew ( 1er Piso entrando por oficina de Estudiantes)<br \/>\nLa duraci\u00f3n ser\u00e1 de tres meses (Octubre, Noviembre y mediados de Diciembre). <\/span><\/p>\n<\/div>\n<\/div>\n","protected":false},"excerpt":{"rendered":"<p>Estimados Estudiantes: En el marco del programa de Fortalecimiento de las Trayectorias Estudiantiles, los invitamos a sumarse a las siguientes propuestas que se dictar\u00e1n en el Instituto. La duraci\u00f3n ser\u00e1 de tres meses (Agosto, Septiembre y Octubre), pudiendo acceder a m\u00e1s a de una oferta. Cualquier duda o consulta, pueden comunicarse por el campus, directamente &#8230; <a title=\"Fortalecimiento de las TRAYECTORIAS ESTUDIANTILES\" class=\"read-more\" href=\"https:\/\/isfd808-chu.infd.edu.ar\/sitio\/institucionales\/fortalecimiento-de-las-trayectorias-estudiantiles\/\" aria-label=\"More on Fortalecimiento de las TRAYECTORIAS ESTUDIANTILES\">[+]<\/a><\/p>\n","protected":false},"author":352,"featured_media":0,"parent":1300,"menu_order":1,"comment_status":"closed","ping_status":"closed","template":"","meta":[],"acf":[],"_links":{"self":[{"href":"https:\/\/isfd808-chu.infd.edu.ar\/sitio\/wp-json\/wp\/v2\/pages\/3834"}],"collection":[{"href":"https:\/\/isfd808-chu.infd.edu.ar\/sitio\/wp-json\/wp\/v2\/pages"}],"about":[{"href":"https:\/\/isfd808-chu.infd.edu.ar\/sitio\/wp-json\/wp\/v2\/types\/page"}],"author":[{"embeddable":true,"href":"https:\/\/isfd808-chu.infd.edu.ar\/sitio\/wp-json\/wp\/v2\/users\/352"}],"replies":[{"embeddable":true,"href":"https:\/\/isfd808-chu.infd.edu.ar\/sitio\/wp-json\/wp\/v2\/comments?post=3834"}],"version-history":[{"count":37,"href":"https:\/\/isfd808-chu.infd.edu.ar\/sitio\/wp-json\/wp\/v2\/pages\/3834\/revisions"}],"predecessor-version":[{"id":4537,"href":"https:\/\/isfd808-chu.infd.edu.ar\/sitio\/wp-json\/wp\/v2\/pages\/3834\/revisions\/4537"}],"up":[{"embeddable":true,"href":"https:\/\/isfd808-chu.infd.edu.ar\/sitio\/wp-json\/wp\/v2\/pages\/1300"}],"wp:attachment":[{"href":"https:\/\/isfd808-chu.infd.edu.ar\/sitio\/wp-json\/wp\/v2\/media?parent=3834"}],"curies":[{"name":"wp","href":"https:\/\/api.w.org\/{rel}","templated":true}]}}