{"id":7151,"date":"2024-11-06T17:03:10","date_gmt":"2024-11-06T20:03:10","guid":{"rendered":"https:\/\/isfd808-chu.infd.edu.ar\/sitio\/?page_id=7151"},"modified":"2024-11-28T17:33:46","modified_gmt":"2024-11-28T20:33:46","slug":"profesorado-de-educacion-secundaria-en-biologia","status":"publish","type":"page","link":"https:\/\/isfd808-chu.infd.edu.ar\/sitio\/carreras\/profesorado-de-educacion-secundaria-en-biologia\/","title":{"rendered":"Profesorado de Educaci\u00f3n Secundaria en BIOLOG\u00cdA"},"content":{"rendered":"\n<div style=\"border-radius: 5px; padding: 40px; color: #000000; background: linear-gradient(50deg, #f1cf50, #eaa913); font-size: 1.5em; font-family: Verdana, Arial, sans-serif; margin-left: auto; margin-right: auto; text-align: left;\">\n<p>Esta carrera se dicta en la<strong> Extensi\u00f3n Aulica GAIMAN<\/strong><\/p>\n<p style=\"font-size: 1.1em; font-family: Arial, sans-serif;\"><em><strong>Datos de la carrera<\/strong><\/em><\/p>\n<div style=\"border-radius: 5px; width: 80%; padding: 20px; color: #000000; background: linear-gradient(50deg, #F2F2F2, #F2F2F2); font-size: 1em; font-family: Verdana, Arial, sans-serif; margin-left: auto; margin-right: auto; text-align: center;\">\n<p><a href=\"https:\/\/drive.google.com\/file\/d\/16Nsu0Ow69OWVutR5znuCUjf54jKsm1Dz\/view?usp=sharing\" target=\"_blank\" rel=\"noopener\"><b>Caja Curricular<\/b><\/a><\/p>\n<p><a href=\"https:\/\/drive.google.com\/file\/d\/1naCmQgX3LTApPi1o8TyCHefQ3KrsCiFe\/view?usp=sharing\" target=\"_blank\" rel=\"noopener\"><b>Dise\u00f1o Curricular<\/b><\/a><\/p>\n<\/div>\n<p>&nbsp;<\/p>\n<p><span style=\"font-size: 14pt;\">Consultas<br><span style=\"text-decoration: underline;\">Direcci\u00f3n:<\/span> Escuela N\u00b0 100 \u2013 E. Tello 848 &#8211; GAIMAN<\/span><\/p>\n<p><span style=\"font-size: 14pt;\"><span style=\"text-decoration: underline;\">E-mail:<\/span> <em><strong><a href=\"mailto:isfd808@chubut.edu.ar\">isfd808@chubut.edu.ar<\/a><\/strong><\/em><\/span><\/p>\n<\/div>\n","protected":false},"excerpt":{"rendered":"<p>Esta carrera se dicta en la Extensi\u00f3n Aulica GAIMAN Datos de la carrera Caja Curricular Dise\u00f1o Curricular &nbsp; ConsultasDirecci\u00f3n: Escuela N\u00b0 100 \u2013 E. Tello 848 &#8211; GAIMAN E-mail: isfd808@chubut.edu.ar<\/p>\n","protected":false},"author":352,"featured_media":0,"parent":1286,"menu_order":1,"comment_status":"closed","ping_status":"closed","template":"","meta":[],"acf":[],"_links":{"self":[{"href":"https:\/\/isfd808-chu.infd.edu.ar\/sitio\/wp-json\/wp\/v2\/pages\/7151"}],"collection":[{"href":"https:\/\/isfd808-chu.infd.edu.ar\/sitio\/wp-json\/wp\/v2\/pages"}],"about":[{"href":"https:\/\/isfd808-chu.infd.edu.ar\/sitio\/wp-json\/wp\/v2\/types\/page"}],"author":[{"embeddable":true,"href":"https:\/\/isfd808-chu.infd.edu.ar\/sitio\/wp-json\/wp\/v2\/users\/352"}],"replies":[{"embeddable":true,"href":"https:\/\/isfd808-chu.infd.edu.ar\/sitio\/wp-json\/wp\/v2\/comments?post=7151"}],"version-history":[{"count":14,"href":"https:\/\/isfd808-chu.infd.edu.ar\/sitio\/wp-json\/wp\/v2\/pages\/7151\/revisions"}],"predecessor-version":[{"id":7200,"href":"https:\/\/isfd808-chu.infd.edu.ar\/sitio\/wp-json\/wp\/v2\/pages\/7151\/revisions\/7200"}],"up":[{"embeddable":true,"href":"https:\/\/isfd808-chu.infd.edu.ar\/sitio\/wp-json\/wp\/v2\/pages\/1286"}],"wp:attachment":[{"href":"https:\/\/isfd808-chu.infd.edu.ar\/sitio\/wp-json\/wp\/v2\/media?parent=7151"}],"curies":[{"name":"wp","href":"https:\/\/api.w.org\/{rel}","templated":true}]}}